{"id":42,"date":"2024-01-13T13:33:57","date_gmt":"2024-01-13T13:33:57","guid":{"rendered":"https:\/\/amo.anders-web.de\/?page_id=42"},"modified":"2025-08-11T07:35:14","modified_gmt":"2025-08-11T07:35:14","slug":"was-ist-eine-webseite-wert","status":"publish","type":"page","link":"https:\/\/anders-media-online.de\/?page_id=42","title":{"rendered":"Was ist eine Webseite wert?"},"content":{"rendered":"\n<p>Ich bin zwar selten um eine Antwort verlegen, allerdings kann man das Erstellen von Internetseiten oder individuellen eBusiness-Programmen nicht wie ein \u201enormales\u201c Produkt in eine Preisliste aufnehmen. Ich berechne Ihnen f\u00fcr meine Dienstleistungen jedoch immer einen fairen Preis. Ich biete Ihnen als Einstiegsangebot sehr kosteng\u00fcnstig eine Basis-Internetseite f\u00fcr Firmen zum Pauschalpreis von 490 EUR an. N\u00e4here Einzelheiten besprechen Sie bitte pers\u00f6nlich mit mir. F\u00fcr meine g\u00fcnstigen Hosting-Angebote besuchen Sie bitte die Rubrik\u00a0Preise.<\/p>\n","protected":false},"excerpt":{"rendered":"<p>Ich bin zwar selten um eine Antwort verlegen, allerdings kann man das Erstellen von Internetseiten oder individuellen eBusiness-Programmen nicht wie ein \u201enormales\u201c Produkt in eine Preisliste aufnehmen. Ich berechne Ihnen f\u00fcr meine Dienstleistungen jedoch immer einen fairen Preis. Ich biete Ihnen als Einstiegsangebot sehr kosteng\u00fcnstig eine Basis-Internetseite f\u00fcr Firmen zum Pauschalpreis von 490 EUR an.&hellip; <br \/> <a class=\"button small blue\" href=\"https:\/\/anders-media-online.de\/?page_id=42\">Weiterlesen<\/a><\/p>\n","protected":false},"author":1,"featured_media":0,"parent":0,"menu_order":0,"comment_status":"closed","ping_status":"closed","template":"","meta":{"footnotes":""},"class_list":["post-42","page","type-page","status-publish","hentry"],"_links":{"self":[{"href":"https:\/\/anders-media-online.de\/index.php?rest_route=\/wp\/v2\/pages\/42","targetHints":{"allow":["GET"]}}],"collection":[{"href":"https:\/\/anders-media-online.de\/index.php?rest_route=\/wp\/v2\/pages"}],"about":[{"href":"https:\/\/anders-media-online.de\/index.php?rest_route=\/wp\/v2\/types\/page"}],"author":[{"embeddable":true,"href":"https:\/\/anders-media-online.de\/index.php?rest_route=\/wp\/v2\/users\/1"}],"replies":[{"embeddable":true,"href":"https:\/\/anders-media-online.de\/index.php?rest_route=%2Fwp%2Fv2%2Fcomments&post=42"}],"version-history":[{"count":3,"href":"https:\/\/anders-media-online.de\/index.php?rest_route=\/wp\/v2\/pages\/42\/revisions"}],"predecessor-version":[{"id":158,"href":"https:\/\/anders-media-online.de\/index.php?rest_route=\/wp\/v2\/pages\/42\/revisions\/158"}],"wp:attachment":[{"href":"https:\/\/anders-media-online.de\/index.php?rest_route=%2Fwp%2Fv2%2Fmedia&parent=42"}],"curies":[{"name":"wp","href":"https:\/\/api.w.org\/{rel}","templated":true}]}}